{"id":299,"date":"2025-11-24T06:15:33","date_gmt":"2025-11-24T06:15:33","guid":{"rendered":"https:\/\/lahojacapital.com\/?page_id=299"},"modified":"2026-04-10T21:42:14","modified_gmt":"2026-04-11T03:42:14","slug":"portafolio","status":"publish","type":"page","link":"https:\/\/lahojacapital.com\/en\/portafolio\/","title":{"rendered":"PORTFOLIO"},"content":{"rendered":"<p>[et_pb_section fb_built=\u00bb1&#8243; fullwidth=\u00bbon\u00bb admin_label=\u00bbHero\u00bb _builder_version=\u00bb4.27.4&#8243; background_image=\u00bbhttps:\/\/lahojacapital.com\/wp-content\/uploads\/2025\/11\/Portafolio-La-Hoja.png\u00bb parallax=\u00bbon\u00bb custom_padding=\u00bb0px|0|0px|0px|false|false\u00bb locked=\u00bboff\u00bb global_colors_info=\u00bb{}\u00bb][et_pb_fullwidth_header title=\u00bbPortafolio\u00bb text_orientation=\u00bbcenter\u00bb admin_label=\u00bbFullwidth Header\u00bb _builder_version=\u00bb4.27.4&#8243; title_font=\u00bb&#8211;et_global_heading_font|600|||||||\u00bb title_text_align=\u00bbcenter\u00bb title_font_size=\u00bb51px\u00bb title_line_height=\u00bb1.2em\u00bb content_font=\u00bb&#8211;et_global_body_font||||||||\u00bb content_text_align=\u00bbcenter\u00bb content_font_size=\u00bb18px\u00bb content_line_height=\u00bb1.8em\u00bb subhead_font=\u00bb&#8211;et_global_heading_font||||||||\u00bb background_color=\u00bbrgba(0,0,0,0)\u00bb use_background_color_gradient=\u00bbon\u00bb background_color_gradient_direction=\u00bb140deg\u00bb background_color_gradient_stops=\u00bb#669c16 0%|rgba(0,0,0,0.7) 99%\u00bb background_color_gradient_start=\u00bbrgba(0,72,114,0.9)\u00bb background_color_gradient_end=\u00bbrgba(41,17,96,0.8)\u00bb parallax=\u00bbon\u00bb parallax_method=\u00bbon\u00bb custom_button_one=\u00bbon\u00bb button_one_text_size=\u00bb15px\u00bb button_one_bg_color=\u00bb#ffa727&#8243; button_one_border_width=\u00bb15px\u00bb button_one_border_color=\u00bb#ffa727&#8243; button_one_border_radius=\u00bb100px\u00bb button_one_letter_spacing=\u00bb5px\u00bb button_one_font=\u00bbOpen Sans|700||on|||||\u00bb custom_margin=\u00bb|||\u00bb custom_padding=\u00bb10vw||10vw||true\u00bb custom_padding_tablet=\u00bb100px||100px||true\u00bb custom_padding_phone=\u00bb|||\u00bb custom_padding_last_edited=\u00bbon|desktop\u00bb title_font_size_tablet=\u00bb60px\u00bb title_font_size_phone=\u00bb36px\u00bb title_font_size_last_edited=\u00bbon|phone\u00bb content_font_size_tablet=\u00bb\u00bb content_font_size_phone=\u00bb16px\u00bb content_font_size_last_edited=\u00bbon|phone\u00bb button_one_text_size_tablet=\u00bb\u00bb button_one_text_size_phone=\u00bb\u00bb button_one_text_size_last_edited=\u00bbon|desktop\u00bb button_one_border_color_hover=\u00bb#ff8a3d\u00bb button_one_border_radius_hover=\u00bb100px\u00bb button_one_letter_spacing_hover=\u00bb5px\u00bb button_one_bg_color_hover=\u00bb#ff8a3d\u00bb global_colors_info=\u00bb{}\u00bb button_one_text_size__hover_enabled=\u00bboff\u00bb button_two_text_size__hover_enabled=\u00bboff\u00bb button_one_text_color__hover_enabled=\u00bboff\u00bb button_two_text_color__hover_enabled=\u00bboff\u00bb button_one_border_width__hover_enabled=\u00bboff\u00bb button_two_border_width__hover_enabled=\u00bboff\u00bb button_one_border_color__hover_enabled=\u00bbon\u00bb button_one_border_color__hover=\u00bb#ff8a3d\u00bb button_two_border_color__hover_enabled=\u00bboff\u00bb button_one_border_radius__hover_enabled=\u00bbon\u00bb button_one_border_radius__hover=\u00bb100px\u00bb button_two_border_radius__hover_enabled=\u00bboff\u00bb button_one_letter_spacing__hover_enabled=\u00bbon\u00bb button_one_letter_spacing__hover=\u00bb5px\u00bb button_two_letter_spacing__hover_enabled=\u00bboff\u00bb button_one_bg_color__hover_enabled=\u00bbon\u00bb button_one_bg_color__hover=\u00bb#ff8a3d\u00bb button_two_bg_color__hover_enabled=\u00bboff\u00bb]<\/p>\n<p>En La Hoja Capital Partners, nuestro portafolio refleja la solidez de nuestras relaciones y la calidad de las oportunidades que representamos<\/p>\n<p>&nbsp;<\/p>\n<p>&nbsp;<\/p>\n<p>[\/et_pb_fullwidth_header][\/et_pb_section][et_pb_section fb_built=\u00bb1&#8243; admin_label=\u00bbTestimonials\u00bb _builder_version=\u00bb4.27.4&#8243; background_color=\u00bb#F2F2F2&#8243; global_colors_info=\u00bb{}\u00bb][et_pb_row _builder_version=\u00bb4.16&#8243; custom_margin=\u00bb|||\u00bb custom_padding=\u00bb|||\u00bb locked=\u00bboff\u00bb global_colors_info=\u00bb{}\u00bb][et_pb_column type=\u00bb4_4&#8243; _builder_version=\u00bb4.16&#8243; custom_padding=\u00bb|||\u00bb global_colors_info=\u00bb{}\u00bb custom_padding__hover=\u00bb|||\u00bb][et_pb_text _builder_version=\u00bb4.27.4&#8243; text_font=\u00bb&#8211;et_global_heading_font||||||||\u00bb text_text_color=\u00bbrgba(0,0,0,0.02)\u00bb text_font_size=\u00bb100px\u00bb text_line_height=\u00bb0.2em\u00bb header_font=\u00bb||||||||\u00bb header_2_font=\u00bbShare Tech||||||||\u00bb header_2_font_size=\u00bb48px\u00bb header_2_line_height=\u00bb1.4em\u00bb text_orientation=\u00bbcenter\u00bb custom_margin=\u00bb||30px||false\u00bb custom_margin_tablet=\u00bb||0px|\u00bb custom_margin_phone=\u00bb\u00bb custom_margin_last_edited=\u00bbon|tablet\u00bb text_font_size_tablet=\u00bb80px\u00bb text_font_size_phone=\u00bb60px\u00bb text_font_size_last_edited=\u00bbon|desktop\u00bb header_2_font_size_tablet=\u00bb\u00bb header_2_font_size_phone=\u00bb36px\u00bb header_2_font_size_last_edited=\u00bbon|phone\u00bb inline_fonts=\u00bbMontserrat\u00bb global_colors_info=\u00bb{}\u00bb]<\/p>\n<p>&nbsp;<\/p>\n<h2><span style=\"font-size: xx-large;\"><strong><span style=\"font-family: Montserrat;\">Conozca nuestra oferta de Fondos de Inversi\u00f3n<\/span><\/strong><\/span><\/h2>\n<p>[\/et_pb_text][\/et_pb_column][\/et_pb_row][et_pb_row column_structure=\u00bb1_3,1_3,1_3&#8243; use_custom_gutter=\u00bbon\u00bb make_equal=\u00bbon\u00bb _builder_version=\u00bb4.16&#8243; use_custom_width=\u00bbon\u00bb global_colors_info=\u00bb{}\u00bb][et_pb_column type=\u00bb1_3&#8243; _builder_version=\u00bb4.16&#8243; custom_padding=\u00bb|||\u00bb hover_enabled=\u00bb0&#8243; global_colors_info=\u00bb{}\u00bb custom_padding__hover=\u00bb|||\u00bb sticky_enabled=\u00bb0&#8243;][et_pb_testimonial quote_icon=\u00bboff\u00bb quote_icon_color=\u00bb#ffffff\u00bb quote_icon_background_color=\u00bb#ffa727&#8243; portrait_width=\u00bb181px\u00bb portrait_height=\u00bb78px\u00bb _builder_version=\u00bb4.27.6&#8243; body_font=\u00bb&#8211;et_global_body_font||||||||\u00bb body_text_color=\u00bb#000000&#8243; body_font_size=\u00bb16px\u00bb body_line_height=\u00bb2em\u00bb background_color=\u00bb#FFFFFF\u00bb background_layout=\u00bbdark\u00bb animation_style=\u00bbfold\u00bb hover_enabled=\u00bb0&#8243; border_width_all=\u00bb1px\u00bb border_color_all=\u00bb#669C16&#8243; border_radii_portrait=\u00bbon|0px|0px|0px|0px\u00bb box_shadow_style_image=\u00bbpreset1&#8243; inline_fonts=\u00bbMontserrat\u00bb global_colors_info=\u00bb{}\u00bb sticky_enabled=\u00bb0&#8243; title_text=\u00bbCubic\u00bb portrait_url=\u00bbhttps:\/\/lahojacapital.com\/wp-content\/uploads\/2026\/04\/Cubic-1.png\u00bb box_shadow_style=\u00bbpreset2&#8243;]<\/p>\n<p><strong><\/strong><\/p>\n<p><strong><\/strong><\/p>\n<p><strong>CUBIC Fund I<\/strong><\/p>\n<p><strong><\/strong><\/p>\n<ul>\n<li>Enfoque en adquisiciones de arte de primer nivel para preservar capital.<\/li>\n<li>Rendimientos objetivo del 20% en un ciclo de inversi\u00f3n de siete a\u00f1os.<\/li>\n<li>Historial de 123% de retorno sobre inversi\u00f3n en piezas seleccionadas.<\/li>\n<li>Acceso a trav\u00e9s de un fidecomiso local (SOFOM).<\/li>\n<\/ul>\n<p>[\/et_pb_testimonial][\/et_pb_column][et_pb_column type=\u00bb1_3&#8243; _builder_version=\u00bb4.16&#8243; custom_padding=\u00bb|||\u00bb global_colors_info=\u00bb{}\u00bb custom_padding__hover=\u00bb|||\u00bb][et_pb_testimonial quote_icon=\u00bboff\u00bb quote_icon_color=\u00bb#ffffff\u00bb quote_icon_background_color=\u00bb#ffa727&#8243; portrait_width=\u00bb96px\u00bb portrait_height=\u00bb103px\u00bb _builder_version=\u00bb4.27.6&#8243; body_font=\u00bb&#8211;et_global_body_font||||||||\u00bb body_text_color=\u00bb#000000&#8243; body_font_size=\u00bb16px\u00bb body_line_height=\u00bb2em\u00bb background_color=\u00bb#FFFFFF\u00bb background_layout=\u00bbdark\u00bb animation_style=\u00bbfold\u00bb hover_enabled=\u00bb0&#8243; border_width_all=\u00bb1px\u00bb border_color_all=\u00bb#669C16&#8243; border_radii_portrait=\u00bbon|0px|0px|0px|0px\u00bb box_shadow_style_image=\u00bbpreset1&#8243; inline_fonts=\u00bbMontserrat\u00bb global_colors_info=\u00bb{}\u00bb title_text=\u00bbisotipo la hoja\u00bb portrait_url=\u00bbhttps:\/\/lahojacapital.com\/wp-content\/uploads\/2025\/10\/isotipo-la-hoja.png\u00bb sticky_enabled=\u00bb0&#8243; box_shadow_style=\u00bbpreset2&#8243;]<\/p>\n<p><strong>Fondo de cr\u00e9dito privado<\/strong><\/p>\n<p><strong><\/strong><\/p>\n<ul>\n<li>Pr\u00e9stamos garantizados a empresas del middle market.<\/li>\n<li>Fuerte alineaci\u00f3n con los compromisos de capital del fundador y su equipo.<\/li>\n<li>Rendimiento objetivo de 11-12% con dividendos trimestrales.<\/li>\n<li>Acceso a trav\u00e9s de un fidecomiso local (SOFOM), y un fondo offshore.<\/li>\n<\/ul>\n<p>[\/et_pb_testimonial][\/et_pb_column][et_pb_column type=\u00bb1_3&#8243; _builder_version=\u00bb4.16&#8243; custom_padding=\u00bb|||\u00bb global_colors_info=\u00bb{}\u00bb custom_padding__hover=\u00bb|||\u00bb][et_pb_testimonial quote_icon=\u00bboff\u00bb quote_icon_color=\u00bb#ffffff\u00bb quote_icon_background_color=\u00bb#ffa727&#8243; portrait_width=\u00bb174px\u00bb portrait_height=\u00bb112px\u00bb _builder_version=\u00bb4.27.6&#8243; body_font=\u00bb&#8211;et_global_body_font||||||||\u00bb body_text_color=\u00bb#000000&#8243; body_font_size=\u00bb16px\u00bb body_line_height=\u00bb2em\u00bb background_color=\u00bb#FFFFFF\u00bb background_layout=\u00bbdark\u00bb animation_style=\u00bbfold\u00bb hover_enabled=\u00bb0&#8243; border_width_all=\u00bb1px\u00bb border_color_all=\u00bb#669C16&#8243; border_radii_portrait=\u00bbon|0px|0px|0px|0px\u00bb box_shadow_style_image=\u00bbpreset1&#8243; inline_fonts=\u00bbMontserrat\u00bb global_colors_info=\u00bb{}\u00bb sticky_enabled=\u00bb0&#8243; title_text=\u00bbWINTERLEAF\u00bb portrait_url=\u00bbhttps:\/\/lahojacapital.com\/wp-content\/uploads\/2026\/04\/WINTERLEAF.png\u00bb box_shadow_style=\u00bbpreset2&#8243;]<\/p>\n<p><strong>Winterleaf Life Settlements Fund<\/strong><\/p>\n<ul>\n<li>Adquiere polizas de seguros dentro del mercado secundario en los EE. UU.<\/li>\n<li>No correlacionado con los mercados de capitales ni cambios en las tasas de inter\u00e9s.<\/li>\n<li>Distribuciones mensuales con un retorno a 12 meses entre 9-12%.<br \/>Acceso a trav\u00e9s de un ETN.<\/li>\n<\/ul>\n<p>[\/et_pb_testimonial][\/et_pb_column][\/et_pb_row][et_pb_row column_structure=\u00bb1_3,1_3,1_3&#8243; use_custom_gutter=\u00bbon\u00bb make_equal=\u00bbon\u00bb _builder_version=\u00bb4.16&#8243; use_custom_width=\u00bbon\u00bb global_colors_info=\u00bb{}\u00bb][et_pb_column type=\u00bb1_3&#8243; _builder_version=\u00bb4.16&#8243; custom_padding=\u00bb|||\u00bb global_colors_info=\u00bb{}\u00bb custom_padding__hover=\u00bb|||\u00bb][et_pb_testimonial quote_icon=\u00bboff\u00bb quote_icon_color=\u00bb#ffffff\u00bb quote_icon_background_color=\u00bb#ffa727&#8243; portrait_width=\u00bb182px\u00bb portrait_height=\u00bb49px\u00bb _builder_version=\u00bb4.27.6&#8243; body_font=\u00bb&#8211;et_global_body_font||||||||\u00bb body_text_color=\u00bb#000000&#8243; body_font_size=\u00bb16px\u00bb body_line_height=\u00bb2em\u00bb background_color=\u00bb#FFFFFF\u00bb background_layout=\u00bbdark\u00bb animation_style=\u00bbfold\u00bb hover_enabled=\u00bb0&#8243; border_width_all=\u00bb1px\u00bb border_color_all=\u00bb#669C16&#8243; border_radii_portrait=\u00bbon|0px|0px|0px|0px\u00bb box_shadow_style_image=\u00bbpreset1&#8243; inline_fonts=\u00bbMontserrat\u00bb global_colors_info=\u00bb{}\u00bb title_text=\u00bbGPC-logo\u00bb portrait_url=\u00bbhttps:\/\/lahojacapital.com\/wp-content\/uploads\/2026\/04\/GPC-logo-300&#215;83.png\u00bb sticky_enabled=\u00bb0&#8243; box_shadow_style=\u00bbpreset2&#8243;]<\/p>\n<p><strong><\/strong><\/p>\n<p><strong><\/strong><\/p>\n<p><strong>Garrington Private Credit Fund<\/strong><\/p>\n<ul>\n<li>Portafolio de pr\u00e9stamos privados garantizados a empresas del segmento lower middle market.<\/li>\n<li>Distribuciones mensuales con un retorno a 12 meses del 11.43%.<\/li>\n<li>Baja volatilidad y correlaci\u00f3n con los mercados tradicionales.<\/li>\n<li>Acceso a trav\u00e9s de un ETN, un fidecomiso local (SOFOM), y un fondo offshore<\/li>\n<\/ul>\n<p>[\/et_pb_testimonial][\/et_pb_column][et_pb_column type=\u00bb1_3&#8243; _builder_version=\u00bb4.16&#8243; custom_padding=\u00bb|||\u00bb global_colors_info=\u00bb{}\u00bb custom_padding__hover=\u00bb|||\u00bb][et_pb_testimonial quote_icon=\u00bboff\u00bb quote_icon_color=\u00bb#15314E\u00bb quote_icon_background_color=\u00bb#ffffff\u00bb portrait_width=\u00bb32px\u00bb portrait_height=\u00bb32px\u00bb _builder_version=\u00bb4.27.4&#8243; body_font=\u00bbOpen Sans||||||||\u00bb body_font_size=\u00bb16px\u00bb body_line_height=\u00bb2em\u00bb background_color=\u00bb#F2F2F2&#8243; min_height=\u00bb434.8px\u00bb custom_padding=\u00bb||34px|||\u00bb animation_style=\u00bbfold\u00bb animation_delay=\u00bb400ms\u00bb border_color_all=\u00bbrgba(21,49,78,0.2)\u00bb border_radii_portrait=\u00bbon|0px|0px|0px|0px\u00bb box_shadow_style_image=\u00bbpreset1&#8243; locked=\u00bboff\u00bb global_colors_info=\u00bb{}\u00bb]<\/p>\n<p>&nbsp;<\/p>\n<p><img loading=\"lazy\" decoding=\"async\" src=\"https:\/\/lahojacapital.com\/wp-content\/uploads\/2025\/10\/cropped-isotipo-la-hoja-300x300.png\" width=\"300\" height=\"300\" alt=\"\" class=\"wp-image-23 alignnone size-medium\" style=\"display: block; margin-left: auto; margin-right: auto;\" \/><\/p>\n<p>&nbsp;<\/p>\n<p>[\/et_pb_testimonial][\/et_pb_column][et_pb_column type=\u00bb1_3&#8243; _builder_version=\u00bb4.16&#8243; custom_padding=\u00bb|||\u00bb global_colors_info=\u00bb{}\u00bb custom_padding__hover=\u00bb|||\u00bb][et_pb_testimonial quote_icon=\u00bboff\u00bb quote_icon_color=\u00bb#ffffff\u00bb quote_icon_background_color=\u00bb#ffa727&#8243; portrait_width=\u00bb96px\u00bb portrait_height=\u00bb103px\u00bb _builder_version=\u00bb4.27.6&#8243; body_font=\u00bb&#8211;et_global_body_font||||||||\u00bb body_text_color=\u00bb#000000&#8243; body_font_size=\u00bb16px\u00bb body_line_height=\u00bb2em\u00bb background_color=\u00bb#FFFFFF\u00bb background_layout=\u00bbdark\u00bb animation_style=\u00bbfold\u00bb hover_enabled=\u00bb0&#8243; border_width_all=\u00bb1px\u00bb border_color_all=\u00bb#669C16&#8243; border_radii_portrait=\u00bbon|0px|0px|0px|0px\u00bb box_shadow_style_image=\u00bbpreset1&#8243; inline_fonts=\u00bbMontserrat\u00bb global_colors_info=\u00bb{}\u00bb title_text=\u00bbisotipo la hoja\u00bb portrait_url=\u00bbhttps:\/\/lahojacapital.com\/wp-content\/uploads\/2025\/10\/isotipo-la-hoja.png\u00bb sticky_enabled=\u00bb0&#8243; box_shadow_style=\u00bbpreset2&#8243;]<\/p>\n<p><strong>Latam Music Collection Fund<\/strong><\/p>\n<ul>\n<li>Adquiere cat\u00e1logos con alto potencial de crecimiento (10x ingresos).<\/li>\n<li>Aumenta la monetizaci\u00f3n mediante distribuci\u00f3n y marketing estrat\u00e9gicos.<\/li>\n<li>Estrategia de salida: Reventa de cat\u00e1logos musicales consolidados y optimizados a m\u00faltiplos de 15x el EBITDA.<\/li>\n<li>Acceso a trav\u00e9s de un fidecomiso local (SOFOM) y un fondo offshore<\/li>\n<\/ul>\n<p>[\/et_pb_testimonial][\/et_pb_column][\/et_pb_row][\/et_pb_section][et_pb_section fb_built=\u00bb1&#8243; use_custom_gutter=\u00bbon\u00bb gutter_width=\u00bb2&#8243; specialty=\u00bbon\u00bb padding_top_1=\u00bb0px\u00bb padding_top_2=\u00bb0px\u00bb padding_bottom_1=\u00bb0px\u00bb padding_bottom_2=\u00bb0px\u00bb padding_top_bottom_link_1=\u00bbtrue\u00bb padding_top_bottom_link_2=\u00bbtrue\u00bb admin_label=\u00bbButton Bar\u00bb _builder_version=\u00bb4.16&#8243; background_color=\u00bbrgba(255,255,255,0)\u00bb inner_width=\u00bb100%\u00bb inner_max_width=\u00bb100%\u00bb custom_margin=\u00bb-36px||-55px|||\u00bb custom_padding=\u00bb0||||false|false\u00bb use_custom_width=\u00bbon\u00bb width_unit=\u00bboff\u00bb custom_width_percent=\u00bb100%\u00bb locked=\u00bboff\u00bb global_colors_info=\u00bb{}\u00bb][et_pb_column type=\u00bb1_2&#8243; _builder_version=\u00bb4.16&#8243; custom_padding=\u00bb|||\u00bb global_colors_info=\u00bb{}\u00bb custom_padding__hover=\u00bb|||\u00bb][et_pb_blurb title=\u00bb\u00bfPOR QU\u00c9 ELEGIRNOS?\u00bb url=\u00bbhttps:\/\/lahojacapital.com\/historia\/\u00bb url_new_window=\u00bbon\u00bb content_max_width=\u00bb1100px\u00bb content_max_width_last_edited=\u00bboff|desktop\u00bb _builder_version=\u00bb4.27.5&#8243; header_font=\u00bbOpen Sans|700||on|||||\u00bb header_font_size=\u00bb14px\u00bb header_letter_spacing=\u00bb5px\u00bb header_line_height=\u00bb2em\u00bb body_font=\u00bb||||||||\u00bb background_color=\u00bb#2573f9&#8243; use_background_color_gradient=\u00bbon\u00bb background_color_gradient_direction=\u00bb90deg\u00bb background_color_gradient_stops=\u00bb#f2f2f2 0%|#669c16 46%\u00bb background_color_gradient_start=\u00bb#ffffff\u00bb background_color_gradient_end=\u00bb#2573f9&#8243; text_orientation=\u00bbright\u00bb background_layout=\u00bbdark\u00bb custom_padding=\u00bb20px|40px|12px|40px|false|true\u00bb animation_style=\u00bbslide\u00bb animation_direction=\u00bbleft\u00bb animation_intensity_slide=\u00bb5%\u00bb border_radii=\u00bb||100px|100px|\u00bb locked=\u00bboff\u00bb global_colors_info=\u00bb{}\u00bb][\/et_pb_blurb][\/et_pb_column][et_pb_column type=\u00bb1_2&#8243; specialty_columns=\u00bb2&#8243; _builder_version=\u00bb4.16&#8243; custom_padding=\u00bb|||\u00bb global_colors_info=\u00bb{}\u00bb custom_padding__hover=\u00bb|||\u00bb][et_pb_row_inner custom_padding_last_edited=\u00bbon|desktop\u00bb _builder_version=\u00bb4.16&#8243; custom_padding=\u00bb0|25%|0|0px|true|false\u00bb custom_padding_tablet=\u00bb|10%||10%||true\u00bb custom_padding_phone=\u00bb\u00bb global_colors_info=\u00bb{}\u00bb][et_pb_column_inner saved_specialty_column_type=\u00bb1_2&#8243; _builder_version=\u00bb4.16&#8243; custom_padding=\u00bb|||\u00bb global_colors_info=\u00bb{}\u00bb custom_padding__hover=\u00bb|||\u00bb][et_pb_button button_url=\u00bbhttps:\/\/calendly.com\/rafael_moreno-lahojacapital\/30min\u00bb url_new_window=\u00bbon\u00bb button_text=\u00bbAGENDE UNA REUNI\u00d3N\u00bb button_alignment=\u00bbcenter\u00bb _builder_version=\u00bb4.27.5&#8243; custom_button=\u00bbon\u00bb button_text_size=\u00bb14px\u00bb button_text_color=\u00bb#ffffff\u00bb button_bg_color=\u00bb#669C16&#8243; button_bg_color_gradient_direction=\u00bb90deg\u00bb button_bg_color_gradient_stops=\u00bb#ffa727 0%|#FF8A3D 100%\u00bb button_bg_color_gradient_start=\u00bb#ffa727&#8243; button_bg_color_gradient_end=\u00bb#FF8A3D\u00bb button_border_width=\u00bb0px\u00bb button_border_radius=\u00bb100px\u00bb button_letter_spacing=\u00bb5px\u00bb button_font=\u00bbOpen Sans|700||on|||||\u00bb button_use_icon=\u00bboff\u00bb custom_padding=\u00bb23px|24px|23px|24px|true|true\u00bb animation_style=\u00bbslide\u00bb animation_direction=\u00bbleft\u00bb button_border_radius_hover=\u00bb100px\u00bb button_letter_spacing_hover=\u00bb5px\u00bb button_bg_color_hover=\u00bb#3980f9&#8243; locked=\u00bboff\u00bb global_colors_info=\u00bb{}\u00bb button_text_size__hover_enabled=\u00bboff\u00bb button_one_text_size__hover_enabled=\u00bboff\u00bb button_two_text_size__hover_enabled=\u00bboff\u00bb button_text_color__hover_enabled=\u00bboff\u00bb button_one_text_color__hover_enabled=\u00bboff\u00bb button_two_text_color__hover_enabled=\u00bboff\u00bb button_border_width__hover_enabled=\u00bboff\u00bb button_one_border_width__hover_enabled=\u00bboff\u00bb button_two_border_width__hover_enabled=\u00bboff\u00bb button_border_color__hover_enabled=\u00bboff\u00bb button_one_border_color__hover_enabled=\u00bboff\u00bb button_two_border_color__hover_enabled=\u00bboff\u00bb button_border_radius__hover_enabled=\u00bbon\u00bb button_border_radius__hover=\u00bb100px\u00bb button_one_border_radius__hover_enabled=\u00bboff\u00bb button_two_border_radius__hover_enabled=\u00bboff\u00bb button_letter_spacing__hover_enabled=\u00bbon\u00bb button_letter_spacing__hover=\u00bb5px\u00bb button_one_letter_spacing__hover_enabled=\u00bboff\u00bb button_two_letter_spacing__hover_enabled=\u00bboff\u00bb button_bg_color__hover_enabled=\u00bbon\u00bb button_bg_color__hover=\u00bb#3980f9&#8243; button_one_bg_color__hover_enabled=\u00bboff\u00bb button_two_bg_color__hover_enabled=\u00bboff\u00bb][\/et_pb_button][\/et_pb_column_inner][\/et_pb_row_inner][\/et_pb_column][\/et_pb_section]<\/p>\n","protected":false},"excerpt":{"rendered":"<p>En La Hoja Capital Partners, nuestro portafolio refleja la solidez de nuestras relaciones y la calidad de las oportunidades que representamos &nbsp; &nbsp;&nbsp; Conozca nuestra oferta de Fondos de Inversi\u00f3n CUBIC Fund I Enfoque en adquisiciones de arte de primer nivel para preservar capital. Rendimientos objetivo del 20% en un ciclo de inversi\u00f3n de siete [&hellip;]<\/p>\n","protected":false},"author":1,"featured_media":0,"parent":0,"menu_order":0,"comment_status":"closed","ping_status":"closed","template":"","meta":{"_et_pb_use_builder":"on","_et_pb_old_content":"","_et_gb_content_width":"","footnotes":""},"class_list":["post-299","page","type-page","status-publish","hentry"],"_links":{"self":[{"href":"https:\/\/lahojacapital.com\/en\/wp-json\/wp\/v2\/pages\/299","targetHints":{"allow":["GET"]}}],"collection":[{"href":"https:\/\/lahojacapital.com\/en\/wp-json\/wp\/v2\/pages"}],"about":[{"href":"https:\/\/lahojacapital.com\/en\/wp-json\/wp\/v2\/types\/page"}],"author":[{"embeddable":true,"href":"https:\/\/lahojacapital.com\/en\/wp-json\/wp\/v2\/users\/1"}],"replies":[{"embeddable":true,"href":"https:\/\/lahojacapital.com\/en\/wp-json\/wp\/v2\/comments?post=299"}],"version-history":[{"count":17,"href":"https:\/\/lahojacapital.com\/en\/wp-json\/wp\/v2\/pages\/299\/revisions"}],"predecessor-version":[{"id":393,"href":"https:\/\/lahojacapital.com\/en\/wp-json\/wp\/v2\/pages\/299\/revisions\/393"}],"wp:attachment":[{"href":"https:\/\/lahojacapital.com\/en\/wp-json\/wp\/v2\/media?parent=299"}],"curies":[{"name":"wp","href":"https:\/\/api.w.org\/{rel}","templated":true}]}}