{"id":53,"date":"2025-10-19T06:26:21","date_gmt":"2025-10-19T06:26:21","guid":{"rendered":"https:\/\/lahojacapital.com\/?page_id=53"},"modified":"2026-02-18T02:56:17","modified_gmt":"2026-02-18T02:56:17","slug":"equipo","status":"publish","type":"page","link":"https:\/\/lahojacapital.com\/en\/equipo\/","title":{"rendered":"TEAM"},"content":{"rendered":"<p>[et_pb_section fb_built=\u00bb1&#8243; admin_label=\u00bbHero\u00bb _builder_version=\u00bb4.16&#8243; use_background_color_gradient=\u00bbon\u00bb background_color_gradient_direction=\u00bb90deg\u00bb background_color_gradient_stops=\u00bbrgba(240,242,246,0.5) 0%|rgba(255,255,255,0) 100%\u00bb background_color_gradient_start=\u00bbrgba(240,242,246,0.5)\u00bb background_color_gradient_end=\u00bbrgba(255,255,255,0)\u00bb custom_padding=\u00bb0|0px|0|0px|false|false\u00bb global_colors_info=\u00bb{}\u00bb][et_pb_row column_structure=\u00bb1_2,1_2&#8243; padding_top_bottom_link_1=\u00bbtrue\u00bb _builder_version=\u00bb4.16&#8243; custom_padding=\u00bb0|0px|0|0px|false|false\u00bb global_colors_info=\u00bb{}\u00bb][et_pb_column type=\u00bb1_2&#8243; _builder_version=\u00bb4.16&#8243; background_color_gradient_direction=\u00bb270deg\u00bb background_color_gradient_start=\u00bb#ffffff\u00bb background_color_gradient_end=\u00bbrgba(255,255,255,0.8)\u00bb custom_padding=\u00bb6vw||6vw|\u00bb custom_padding_tablet=\u00bb|5%||5%||true\u00bb custom_padding_phone=\u00bb|7%||7%||true\u00bb global_colors_info=\u00bb{}\u00bb padding_phone=\u00bb|7%||7%||true\u00bb padding_tablet=\u00bb|5%||5%||true\u00bb custom_padding__hover=\u00bb|||\u00bb][et_pb_text _builder_version=\u00bb4.27.5&#8243; text_font=\u00bb&#8211;et_global_body_font||||||||\u00bb text_font_size=\u00bb18px\u00bb text_line_height=\u00bb1.8em\u00bb header_font=\u00bb&#8211;et_global_heading_font||||||||\u00bb header_font_size=\u00bb65px\u00bb header_line_height=\u00bb1.5em\u00bb header_3_font=\u00bbLato|700||on|||||\u00bb header_3_text_color=\u00bb#3550a0&#8243; header_3_font_size=\u00bb20px\u00bb header_3_line_height=\u00bb1.5em\u00bb custom_margin=\u00bb|||\u00bb hover_enabled=\u00bb0&#8243; header_font_size_tablet=\u00bb50px\u00bb header_font_size_phone=\u00bb32px\u00bb header_font_size_last_edited=\u00bbon|tablet\u00bb header_3_font_size_tablet=\u00bb50px\u00bb header_3_font_size_phone=\u00bb32px\u00bb header_3_font_size_last_edited=\u00bboff|desktop\u00bb locked=\u00bboff\u00bb global_colors_info=\u00bb{}\u00bb header_2_font=\u00bb&#8211;et_global_body_font||||||||\u00bb sticky_enabled=\u00bb0&#8243;]<\/p>\n<h1><b>Cato Fel\u00e1n III<\/b><\/h1>\n<h3><span style=\"font-weight: 400;\">fundador y socio gerente<\/span><\/h3>\n<p>[\/et_pb_text][et_pb_text _builder_version=\u00bb4.27.4&#8243; _module_preset=\u00bbdefault\u00bb global_colors_info=\u00bb{}\u00bb]<\/p>\n<p style=\"text-align: justify;\"><span style=\"font-weight: 400;\">Cato lidera la estrategia de la empresa, la innovaci\u00f3n de productos y las asociaciones con inversionistas para crear un nuevo est\u00e1ndar institucional de acceso, alineaci\u00f3n y transparencia en todas las clases de activos.<\/span><\/p>\n<p style=\"text-align: justify;\"><span style=\"font-weight: 400;\">A lo largo de sus 30 a\u00f1os de carrera, Cato ha sido pionero en ampliar el acceso de los inversionistas a los mercados de capitales globales. Ha ocupado puestos de liderazgo en BlackRock\/iShares, Dimensional Fund Advisors, Fidelity y Putnam, donde ayud\u00f3 a introducir fondos de inversi\u00f3n, notas estructuradas, ETF, cuentas separadas y estrategias globales a los inversionistas privados latinoamericanos.<\/span><\/p>\n<p style=\"text-align: justify;\"><span style=\"font-weight: 400;\">En La Hoja, aporta ese rigor institucional a los mercados privados, estructurando el acceso al cr\u00e9dito privado, el capital privado, los secundarios, los activos alternativos y los activos reales a trav\u00e9s de veh\u00edculos innovadores, como ETN, fondos offshore y SOFOM con sede en M\u00e9xico. Bajo su liderazgo, La Hoja ha desarrollado un sistema propio para la estructuraci\u00f3n de fondos, la incorporaci\u00f3n de inversionistas y la obtenci\u00f3n automatizada de capital, lo que permite a un equipo reducido ofrecer una experiencia de alto nivel a gran escala.<\/span><\/p>\n<p style=\"text-align: justify;\"><span style=\"font-weight: 400;\">Cato se licenci\u00f3 en Econom\u00eda por la Universidad de Texas en Austin, donde comenz\u00f3 su pasi\u00f3n por los mercados latinoamericanos. Deportista de toda la vida, se recuper\u00f3 de una grave lesi\u00f3n ciclista gracias a terapias derivadas de plantas, lo que profundiz\u00f3 su convicci\u00f3n en las estrategias alternativas, tanto como inversiones como forma de pensar.<\/span><\/p>\n<p>[\/et_pb_text][\/et_pb_column][et_pb_column type=\u00bb1_2&#8243; _builder_version=\u00bb4.16&#8243; background_color_gradient_start=\u00bb#3550a0&#8243; background_color_gradient_start_position=\u00bb25%\u00bb background_color_gradient_end=\u00bbrgba(240,242,246,0)\u00bb background_color_gradient_end_position=\u00bb25%\u00bb custom_padding=\u00bb|||\u00bb custom_padding_tablet=\u00bb|0px||0px|false|true\u00bb global_colors_info=\u00bb{}\u00bb padding_tablet=\u00bb|0px||0px|false|true\u00bb custom_padding__hover=\u00bb|||\u00bb][et_pb_image src=\u00bbhttps:\/\/lahojacapital.com\/wp-content\/uploads\/2025\/11\/Cato-Felan-III-.jpg\u00bb title_text=\u00bbCato Fel\u00e1n III\u00bb align_tablet=\u00bbcenter\u00bb align_phone=\u00bbcenter\u00bb align_last_edited=\u00bbon|desktop\u00bb _builder_version=\u00bb4.27.4&#8243; background_color=\u00bb#669C16&#8243; use_background_color_gradient=\u00bbon\u00bb background_color_gradient_type=\u00bbcircular\u00bb background_color_gradient_stops=\u00bb#669c16 0%|rgba(223, 232, 219, 0.12) 24%|#3550a0 25%|rgba(240,242,246,0) 25%\u00bb background_color_gradient_start=\u00bb#3550a0&#8243; background_color_gradient_start_position=\u00bb25%\u00bb background_color_gradient_end=\u00bbrgba(240,242,246,0)\u00bb background_color_gradient_end_position=\u00bb25%\u00bb max_width_last_edited=\u00bboff|desktop\u00bb custom_padding=\u00bb|||60px\u00bb animation_style=\u00bbslide\u00bb animation_direction=\u00bbtop\u00bb animation_intensity_slide=\u00bb1%\u00bb box_shadow_style=\u00bbpreset4&#8243; box_shadow_horizontal=\u00bb120px\u00bb box_shadow_vertical=\u00bb120px\u00bb box_shadow_spread=\u00bb-60px\u00bb box_shadow_color=\u00bb#f0f2f6&#8243; global_colors_info=\u00bb{}\u00bb][\/et_pb_image][et_pb_text _builder_version=\u00bb4.27.4&#8243; _module_preset=\u00bbdefault\u00bb text_font=\u00bb&#8211;et_global_body_font||||||||\u00bb text_font_size=\u00bb20px\u00bb global_colors_info=\u00bb{}\u00bb]<\/p>\n<p><em><span style=\"color: #000080;\">Cato est\u00e1 construyendo La Hoja no solo como una plataforma de capital, sino como un movimiento: para empoderar a los inversionistas, elevar a los gestores excepcionales y ampliar las relaciones basadas en la confianza a trav\u00e9s de las fronteras.<\/span><\/em><\/p>\n<p>[\/et_pb_text][\/et_pb_column][\/et_pb_row][\/et_pb_section][et_pb_section fb_built=\u00bb1&#8243; admin_label=\u00bbAbout\u00bb _builder_version=\u00bb4.27.4&#8243; custom_padding=\u00bb90px|0px|54px|0px|false|false\u00bb global_colors_info=\u00bb{}\u00bb][et_pb_row column_structure=\u00bb1_2,1_2&#8243; padding_top_bottom_link_1=\u00bbtrue\u00bb _builder_version=\u00bb4.16&#8243; custom_padding=\u00bb0|0px|0|0px|false|false\u00bb global_colors_info=\u00bb{}\u00bb][et_pb_column type=\u00bb1_2&#8243; _builder_version=\u00bb4.16&#8243; background_color_gradient_direction=\u00bb270deg\u00bb background_color_gradient_start=\u00bb#ffffff\u00bb background_color_gradient_end=\u00bbrgba(255,255,255,0.8)\u00bb custom_padding=\u00bb6vw||6vw|\u00bb custom_padding_tablet=\u00bb|5%||5%||true\u00bb custom_padding_phone=\u00bb|7%||7%||true\u00bb global_colors_info=\u00bb{}\u00bb padding_phone=\u00bb|7%||7%||true\u00bb padding_tablet=\u00bb|5%||5%||true\u00bb custom_padding__hover=\u00bb|||\u00bb][et_pb_text _builder_version=\u00bb4.27.5&#8243; text_font=\u00bb&#8211;et_global_body_font||||||||\u00bb text_line_height=\u00bb1.8em\u00bb header_font=\u00bb&#8211;et_global_heading_font||||||||\u00bb header_font_size=\u00bb65px\u00bb header_line_height=\u00bb1.5em\u00bb header_3_font=\u00bbLato|700||on|||||\u00bb header_3_text_color=\u00bb#3550a0&#8243; header_3_font_size=\u00bb20px\u00bb header_3_line_height=\u00bb1.5em\u00bb custom_margin=\u00bb-54px|||||\u00bb hover_enabled=\u00bb0&#8243; header_font_size_tablet=\u00bb50px\u00bb header_font_size_phone=\u00bb32px\u00bb header_font_size_last_edited=\u00bbon|tablet\u00bb header_3_font_size_tablet=\u00bb50px\u00bb header_3_font_size_phone=\u00bb32px\u00bb header_3_font_size_last_edited=\u00bboff|desktop\u00bb locked=\u00bboff\u00bb global_colors_info=\u00bb{}\u00bb sticky_enabled=\u00bb0&#8243;]<\/p>\n<h1><b>Rafael Moreno<\/b><\/h1>\n<h3><span style=\"font-weight: 400;\">Socio Director <\/span><\/h3>\n<p>[\/et_pb_text][et_pb_text _builder_version=\u00bb4.27.4&#8243; _module_preset=\u00bbdefault\u00bb text_font=\u00bb&#8211;et_global_body_font||||||||\u00bb custom_margin=\u00bb-24px|||||\u00bb global_colors_info=\u00bb{}\u00bb]<\/p>\n<p style=\"text-align: justify;\">Rafael es Socio Director de La Hoja M\u00e9xico. Es un profesional con m\u00e1s de 7 a\u00f1os de experiencia en los sectores de banca de inversi\u00f3n, fusiones y adquisiciones, consultor\u00eda y relaci\u00f3n con inversionistas tanto p\u00fablicos como privados. Ha liderado transacciones en M\u00e9xico y Sudam\u00e9rica, as\u00ed como proyectos estrat\u00e9gicos a gran escala, acumulando un historial s\u00f3lido de generaci\u00f3n de valor y gesti\u00f3n efectiva de inversiones.<\/p>\n<p style=\"text-align: justify;\">Rafael inicia su carrera en BBVA en la divisi\u00f3n de Banca de Inversi\u00f3n, espec\u00edficamente llevando transacciones del mercado de deuda por un monto de hasta USD $4.0 Bn en el mercado mexicano e internacional, en distintos productos como cr\u00e9ditos sindicados, emisiones de bonos y project finance.<\/p>\n<p style=\"text-align: justify;\">Asimismo, cuenta con experiencia en el \u00e1rea de fusiones y adquisiciones, donde durante 3 a\u00f1os ayud\u00f3 en el mercado de infraestructura pasiva de telecomunicaciones en M\u00e9xico y contribuy\u00f3 a convertir a su compa\u00f1\u00eda en el operador privado n\u00famero uno del pa\u00eds.<\/p>\n<p style=\"text-align: justify;\">Complementando su desarrollo, tuvo un rol como consultor financiero en Sudam\u00e9rica, donde ayud\u00f3 a empresas internacionales p\u00fablicas y privadas con sus necesidades de liquidez, financiamiento y crecimiento, ya sea org\u00e1nico o inorg\u00e1nico. Esto le dio una perspectiva m\u00e1s global a su toma de decisiones y le permiti\u00f3 generar aliados alrededor de Latinoam\u00e9rica.<\/p>\n<p style=\"text-align: justify;\">Es Licenciado en Administraci\u00f3n Financiera por el Tecnol\u00f3gico de Monterrey y Maestro en Finanzas por la EGADE Business School.<\/p>\n<p>[\/et_pb_text][\/et_pb_column][et_pb_column type=\u00bb1_2&#8243; _builder_version=\u00bb4.16&#8243; background_color_gradient_start=\u00bb#3550a0&#8243; background_color_gradient_start_position=\u00bb25%\u00bb background_color_gradient_end=\u00bbrgba(240,242,246,0)\u00bb background_color_gradient_end_position=\u00bb25%\u00bb custom_padding=\u00bb|||\u00bb custom_padding_tablet=\u00bb|0px||0px|false|true\u00bb global_colors_info=\u00bb{}\u00bb padding_tablet=\u00bb|0px||0px|false|true\u00bb custom_padding__hover=\u00bb|||\u00bb][et_pb_image src=\u00bbhttps:\/\/lahojacapital.com\/wp-content\/uploads\/2026\/01\/Rafael-Hernandez-scaled.jpg\u00bb title_text=\u00bbRafael Hern\u00e1ndez\u00bb align_tablet=\u00bbcenter\u00bb align_phone=\u00bbcenter\u00bb align_last_edited=\u00bbon|desktop\u00bb _builder_version=\u00bb4.27.5&#8243; background_color=\u00bb#669C16&#8243; use_background_color_gradient=\u00bbon\u00bb background_color_gradient_type=\u00bbcircular\u00bb background_color_gradient_stops=\u00bb#669c16 0%|rgba(223, 232, 219, 0.12) 24%|#3550a0 25%|rgba(240,242,246,0) 25%\u00bb background_color_gradient_start=\u00bb#3550a0&#8243; background_color_gradient_start_position=\u00bb25%\u00bb background_color_gradient_end=\u00bbrgba(240,242,246,0)\u00bb background_color_gradient_end_position=\u00bb25%\u00bb max_width_last_edited=\u00bboff|desktop\u00bb custom_padding=\u00bb|||60px\u00bb animation_style=\u00bbslide\u00bb animation_direction=\u00bbtop\u00bb animation_intensity_slide=\u00bb1%\u00bb box_shadow_style=\u00bbpreset4&#8243; box_shadow_horizontal=\u00bb120px\u00bb box_shadow_vertical=\u00bb120px\u00bb box_shadow_spread=\u00bb-60px\u00bb box_shadow_color=\u00bb#f0f2f6&#8243; global_colors_info=\u00bb{}\u00bb][\/et_pb_image][\/et_pb_column][\/et_pb_row][et_pb_row _builder_version=\u00bb4.16&#8243; global_colors_info=\u00bb{}\u00bb][et_pb_column type=\u00bb4_4&#8243; _builder_version=\u00bb4.16&#8243; custom_padding=\u00bb|||\u00bb global_colors_info=\u00bb{}\u00bb custom_padding__hover=\u00bb|||\u00bb][\/et_pb_column][\/et_pb_row][\/et_pb_section]<\/p>\n","protected":false},"excerpt":{"rendered":"<p>Cato Fel\u00e1n III fundador y socio gerenteCato lidera la estrategia de la empresa, la innovaci\u00f3n de productos y las asociaciones con inversionistas para crear un nuevo est\u00e1ndar institucional de acceso, alineaci\u00f3n y transparencia en todas las clases de activos. A lo largo de sus 30 a\u00f1os de carrera, Cato ha sido pionero en ampliar el [&hellip;]<\/p>\n","protected":false},"author":1,"featured_media":0,"parent":0,"menu_order":0,"comment_status":"closed","ping_status":"closed","template":"","meta":{"_et_pb_use_builder":"on","_et_pb_old_content":"<!-- wp:divi\/placeholder \/-->","_et_gb_content_width":"","footnotes":""},"class_list":["post-53","page","type-page","status-publish","hentry"],"_links":{"self":[{"href":"https:\/\/lahojacapital.com\/en\/wp-json\/wp\/v2\/pages\/53","targetHints":{"allow":["GET"]}}],"collection":[{"href":"https:\/\/lahojacapital.com\/en\/wp-json\/wp\/v2\/pages"}],"about":[{"href":"https:\/\/lahojacapital.com\/en\/wp-json\/wp\/v2\/types\/page"}],"author":[{"embeddable":true,"href":"https:\/\/lahojacapital.com\/en\/wp-json\/wp\/v2\/users\/1"}],"replies":[{"embeddable":true,"href":"https:\/\/lahojacapital.com\/en\/wp-json\/wp\/v2\/comments?post=53"}],"version-history":[{"count":16,"href":"https:\/\/lahojacapital.com\/en\/wp-json\/wp\/v2\/pages\/53\/revisions"}],"predecessor-version":[{"id":337,"href":"https:\/\/lahojacapital.com\/en\/wp-json\/wp\/v2\/pages\/53\/revisions\/337"}],"wp:attachment":[{"href":"https:\/\/lahojacapital.com\/en\/wp-json\/wp\/v2\/media?parent=53"}],"curies":[{"name":"wp","href":"https:\/\/api.w.org\/{rel}","templated":true}]}}